{"id":28209,"date":"2023-10-17T12:53:21","date_gmt":"2023-10-17T12:53:21","guid":{"rendered":"https:\/\/corp.roibos.com\/?page_id=28209"},"modified":"2024-01-02T14:47:57","modified_gmt":"2024-01-02T14:47:57","slug":"politica-de-privacidad","status":"publish","type":"page","link":"https:\/\/roibos.com\/es\/politica-de-privacidad\/","title":{"rendered":"Pol\u00edtica de privacidad"},"content":{"rendered":"\t\t<div data-elementor-type=\"wp-page\" data-elementor-id=\"28209\" class=\"elementor elementor-28209\" data-elementor-post-type=\"page\">\n\t\t\t\t\t\t<section class=\"elementor-section elementor-top-section elementor-element elementor-element-65a8d8e elementor-section-boxed elementor-section-height-default elementor-section-height-default\" data-id=\"65a8d8e\" data-element_type=\"section\" data-e-type=\"section\">\n\t\t\t\t\t\t<div class=\"elementor-container elementor-column-gap-default\">\n\t\t\t\t\t<div class=\"elementor-column elementor-col-100 elementor-top-column elementor-element elementor-element-3343e88c\" data-id=\"3343e88c\" data-element_type=\"column\" data-e-type=\"column\">\n\t\t\t<div class=\"elementor-widget-wrap elementor-element-populated\">\n\t\t\t\t\t\t<div class=\"elementor-element elementor-element-2c7f8c57 elementor-widget elementor-widget-text-editor\" data-id=\"2c7f8c57\" data-element_type=\"widget\" data-e-type=\"widget\" data-widget_type=\"text-editor.default\">\n\t\t\t\t<div class=\"elementor-widget-container\">\n\t\t\t\t\t\t\t\t\t<p>Esta pol\u00edtica de privacidad se aplica al sitio web <a href=\"https:\/\/www.roibos.com\/\" target=\"_new\">https:\/\/www.roibos.com<\/a> (en adelante, el Sitio Web). L\u00e9ala detenidamente. Encontrar\u00e1 informaci\u00f3n importante sobre el tratamiento de sus datos personales y los derechos reconocidos por la normativa actual en la materia.<\/p><p>Nos reservamos el derecho de actualizar nuestra pol\u00edtica de privacidad en cualquier momento debido a decisiones empresariales, as\u00ed como para cumplir con posibles cambios legislativos o jurisprudenciales. Si tiene preguntas o necesita aclaraciones sobre nuestra Pol\u00edtica de Privacidad o sus derechos, puede contactarnos a trav\u00e9s de los canales indicados a continuaci\u00f3n.<\/p><p>Usted declara que los datos que nos proporciona, tanto ahora como en el futuro, son correctos y veraces, y acepta comunicar cualquier cambio en los mismos. Si proporciona datos personales de terceros, acepta obtener el consentimiento previo de los afectados e informarles sobre el contenido de esta pol\u00edtica.<\/p><p>En general, los campos de nuestros formularios indicados como obligatorios deben ser completados necesariamente para procesar sus solicitudes.<\/p><h2>1. \u00bfQui\u00e9n es responsable del tratamiento de sus datos?<\/h2><p>La persona responsable del tratamiento de los datos recopilados en este Sitio Web es Roibos Technologies, S.L. (en adelante ROIBOS o nosotros), con domicilio en C\/Gremi Fusters, 33. Oficina 325, 07009, Palma de Mallorca, Islas Baleares, Espa\u00f1a.<\/p><p>Para cualquier pregunta relacionada con la protecci\u00f3n de sus datos, puede enviar un correo electr\u00f3nico a <a target=\"_new\">dataprotection@roibos.com<\/a>.<\/p><h2>2. \u00bfPara qu\u00e9 trataremos sus datos?<\/h2><p>En general, tratamos los datos de los usuarios del Sitio Web para la gesti\u00f3n de la relaci\u00f3n con ellos, la atenci\u00f3n a sus consultas, la administraci\u00f3n y gesti\u00f3n de la seguridad del Sitio Web. Tambi\u00e9n tratamos los datos generados por su navegaci\u00f3n, como la direcci\u00f3n IP desde la que se conecta a nuestro sitio web, registros web, p\u00e1ginas visitadas o acciones realizadas con fines estad\u00edsticos y de mejora de la calidad, as\u00ed como para mostrarle publicidad relacionada con sus preferencias basadas en un perfil elaborado a partir de sus h\u00e1bitos de navegaci\u00f3n. Para ello, utilizamos cookies y tecnolog\u00edas similares que pueden implicar el seguimiento de su navegaci\u00f3n. M\u00e1s informaci\u00f3n en nuestra pol\u00edtica de cookies en <a href=\"https:\/\/www.roibos.com\/cookies-policy\/\" target=\"_new\">https:\/\/www.roibos.com\/cookies-policy\/<\/a><\/p><p>Los datos proporcionados en el formulario de solicitud de demostraci\u00f3n se tratar\u00e1n para el procesamiento y seguimiento comercial de sus solicitudes y el env\u00edo de comunicaciones comerciales.<\/p><p>Los curr\u00edculos proporcionados por candidatos a un trabajo se incorporar\u00e1n a nuestra bolsa de trabajo y se tratar\u00e1n para la gesti\u00f3n y control de nuestros procesos de selecci\u00f3n de personal.<\/p><h2>3. \u00bfA qui\u00e9n podemos comunicar sus datos?<\/h2><p>Sus datos solo se comunicar\u00e1n a terceros por obligaci\u00f3n legal, con su consentimiento o cuando su solicitud implique dicha comunicaci\u00f3n.<\/p><h2>4. Base legal de los tratamientos<\/h2><p>La atenci\u00f3n a solicitudes de informaci\u00f3n sobre nuestros servicios y el seguimiento comercial de los mismos se basan en la aplicaci\u00f3n de medidas precontractuales a solicitud de los interesados.<\/p><p>El uso de cookies o tecnolog\u00edas similares para la personalizaci\u00f3n del Sitio Web, la realizaci\u00f3n de estad\u00edsticas o la elaboraci\u00f3n de perfiles de navegaci\u00f3n con fines comerciales se basa en su consentimiento, y la retirada del mismo condiciona el uso del sitio web o la contrataci\u00f3n de nuestros servicios.<\/p><p>El env\u00edo de comunicaciones comerciales se basa en nuestro inter\u00e9s leg\u00edtimo en promover nuestros productos o servicios, as\u00ed como en su consentimiento para recibir dichas comunicaciones por medios electr\u00f3nicos.<\/p><p>El registro de su curr\u00edculum en nuestro mercado laboral se basa en el consentimiento de los propios candidatos.<\/p><p>La gesti\u00f3n de la seguridad del Sitio Web se basa en la existencia de un inter\u00e9s leg\u00edtimo en garantizar la seguridad de nuestros sistemas.<\/p><h2>5. \u00bfCu\u00e1nto tiempo conservaremos sus datos?<\/h2><p>En general, conservamos sus datos durante la vigencia de la relaci\u00f3n que tenga con nosotros y, en todo caso, durante los plazos establecidos en las disposiciones legales aplicables, por ejemplo, en cuestiones contables y fiscales, y durante el tiempo necesario para atender posibles responsabilidades nacidas del tratamiento. Cancelaremos sus datos cuando ya no sean necesarios o relevantes para los fines para los cuales fueron recopilados.<\/p><p>Los datos tratados con fines comerciales, incluidos los perfiles de navegaci\u00f3n, seguir\u00e1n siendo v\u00e1lidos mientras no se solicite su retirada.<\/p><p>Los curr\u00edculos entregados tienen una validez de un (1) a\u00f1o desde su \u00faltima actualizaci\u00f3n, despu\u00e9s de lo cual se destruir\u00e1n, por lo que debe presentar un nuevo curr\u00edculum actualizado si desea seguir participando en los procesos de selecci\u00f3n que se realicen en el futuro.<\/p><h2>6. \u00bfCu\u00e1les son sus derechos?<\/h2><p>Usted tiene el derecho de obtener confirmaci\u00f3n de si estamos tratando sus datos personales y, en caso afirmativo, acceder a ellos. Tambi\u00e9n puede solicitar que se rectifiquen sus datos cuando sean inexactos o que se completen los datos incompletos, as\u00ed como solicitar su supresi\u00f3n cuando, entre otras razones, los datos ya no sean necesarios para los fines para los cuales se recopilaron.<\/p><p>En ciertas circunstancias, puede solicitar la limitaci\u00f3n del tratamiento de sus datos. En este caso, solo trataremos los datos afectados para la formulaci\u00f3n, ejercicio o defensa de reclamaciones o con miras a proteger los derechos de otras personas. Bajo ciertas condiciones y por motivos relacionados con su situaci\u00f3n particular, tambi\u00e9n puede oponerse al tratamiento de sus datos. En este caso, dejaremos de procesar los datos, excepto por razones leg\u00edtimas y convincentes que prevalezcan sobre sus intereses, derechos y libertades, o para la formulaci\u00f3n, ejercicio o defensa de reclamaciones.<\/p><p>Asimismo, y bajo ciertas condiciones, puede solicitar la portabilidad de sus datos para que sean transmitidos a otro responsable del tratamiento.<\/p><p>Puede revocar el consentimiento otorgado para ciertos fines, sin afectar la legalidad del tratamiento basado en el consentimiento previo a su retirada.<\/p><p>Tambi\u00e9n tiene derecho a presentar una reclamaci\u00f3n ante una autoridad de protecci\u00f3n de datos.<\/p><p>Para ejercer sus derechos, debe enviarnos una solicitud por correo postal o electr\u00f3nico a cualquiera de las direcciones indicadas en la secci\u00f3n<\/p><h2>7. \u00bfQui\u00e9n es responsable del tratamiento de sus datos?<\/h2><p>Para solicitar la retirada de tratamientos con fines comerciales, ser\u00e1 suficiente con:<\/p><p>\u2013 Enviar un correo electr\u00f3nico a la siguiente direcci\u00f3n de correo electr\u00f3nico: <a target=\"_new\">dataprotection@roibos.com<\/a><\/p><p>\u2013 Utilizar el enlace proporcionado para este fin en nuestras comunicaciones comerciales;<\/p><p>Para gestionar la privacidad de su navegador y configurar el uso de cookies y tecnolog\u00edas similares, puede consultar nuestra pol\u00edtica de cookies en <a href=\"https:\/\/www.roibos.com\/cookies-policy\/\" target=\"_new\">https:\/\/www.roibos.com\/cookies-policy\/<\/a>.<\/p><p>Puede obtener m\u00e1s informaci\u00f3n sobre sus derechos y c\u00f3mo ejercerlos en la p\u00e1gina de la Agencia Espa\u00f1ola de Protecci\u00f3n de Datos en <a href=\"http:\/\/www.aepd.es\/\" target=\"_new\">www.aepd.es<\/a><\/p><p>\u00daltima modificaci\u00f3n: 19 de febrero de 2020.<\/p>\t\t\t\t\t\t\t\t<\/div>\n\t\t\t\t<\/div>\n\t\t\t\t\t<\/div>\n\t\t<\/div>\n\t\t\t\t\t<\/div>\n\t\t<\/section>\n\t\t\t\t<\/div>\n\t\t","protected":false},"excerpt":{"rendered":"<p>Esta pol\u00edtica de privacidad se aplica al sitio web https:\/\/www.roibos.com (en adelante, el Sitio Web). L\u00e9ala detenidamente. Encontrar\u00e1 informaci\u00f3n importante sobre el tratamiento de sus datos personales y los derechos reconocidos por la normativa actual en la materia. Nos reservamos el derecho de actualizar nuestra pol\u00edtica de privacidad en cualquier momento debido a decisiones empresariales, [&hellip;]<\/p>\n","protected":false},"author":2,"featured_media":0,"parent":0,"menu_order":0,"comment_status":"closed","ping_status":"closed","template":"","meta":{"inline_featured_image":false,"footnotes":""},"class_list":["post-28209","page","type-page","status-publish","hentry"],"aioseo_notices":[],"_links":{"self":[{"href":"https:\/\/roibos.com\/es\/wp-json\/wp\/v2\/pages\/28209","targetHints":{"allow":["GET"]}}],"collection":[{"href":"https:\/\/roibos.com\/es\/wp-json\/wp\/v2\/pages"}],"about":[{"href":"https:\/\/roibos.com\/es\/wp-json\/wp\/v2\/types\/page"}],"author":[{"embeddable":true,"href":"https:\/\/roibos.com\/es\/wp-json\/wp\/v2\/users\/2"}],"replies":[{"embeddable":true,"href":"https:\/\/roibos.com\/es\/wp-json\/wp\/v2\/comments?post=28209"}],"version-history":[{"count":3,"href":"https:\/\/roibos.com\/es\/wp-json\/wp\/v2\/pages\/28209\/revisions"}],"predecessor-version":[{"id":29644,"href":"https:\/\/roibos.com\/es\/wp-json\/wp\/v2\/pages\/28209\/revisions\/29644"}],"wp:attachment":[{"href":"https:\/\/roibos.com\/es\/wp-json\/wp\/v2\/media?parent=28209"}],"curies":[{"name":"wp","href":"https:\/\/api.w.org\/{rel}","templated":true}]}}