{"id":28211,"date":"2023-10-17T12:53:40","date_gmt":"2023-10-17T12:53:40","guid":{"rendered":"https:\/\/corp.roibos.com\/?page_id=28211"},"modified":"2024-01-02T14:39:05","modified_gmt":"2024-01-02T14:39:05","slug":"aviso-legal","status":"publish","type":"page","link":"https:\/\/roibos.com\/es\/aviso-legal\/","title":{"rendered":"Aviso legal"},"content":{"rendered":"\t\t<div data-elementor-type=\"wp-page\" data-elementor-id=\"28211\" class=\"elementor elementor-28211\" data-elementor-post-type=\"page\">\n\t\t\t\t\t\t<section class=\"elementor-section elementor-top-section elementor-element elementor-element-6a75693 elementor-section-boxed elementor-section-height-default elementor-section-height-default\" data-id=\"6a75693\" data-element_type=\"section\" data-e-type=\"section\">\n\t\t\t\t\t\t<div class=\"elementor-container elementor-column-gap-default\">\n\t\t\t\t\t<div class=\"elementor-column elementor-col-100 elementor-top-column elementor-element elementor-element-b0fad1a\" data-id=\"b0fad1a\" data-element_type=\"column\" data-e-type=\"column\">\n\t\t\t<div class=\"elementor-widget-wrap elementor-element-populated\">\n\t\t\t\t\t\t<div class=\"elementor-element elementor-element-4b8f02d elementor-widget elementor-widget-text-editor\" data-id=\"4b8f02d\" data-element_type=\"widget\" data-e-type=\"widget\" data-widget_type=\"text-editor.default\">\n\t\t\t\t<div class=\"elementor-widget-container\">\n\t\t\t\t\t\t\t\t\t<p>Acceder al sitio web <a href=\"https:\/\/www.roibos.com\/\" target=\"_new\">https:\/\/www.roibos.com<\/a> (en adelante, el Sitio) te atribuye la condici\u00f3n de USUARIO e implica la aceptaci\u00f3n plena e ilimitada, desde el mencionado acceso y\/o uso, de los t\u00e9rminos de uso incluidos en este aviso legal y en la pol\u00edtica de privacidad del sitio en su \u00faltima versi\u00f3n, sin perjuicio de los t\u00e9rminos y condiciones aplicables a nuestros servicios que est\u00e1n sujetos a contrataci\u00f3n. Por lo tanto, recomendamos que procedas a leer estos documentos antes de utilizar las funciones ofrecidas por este sitio web, as\u00ed como cada vez que accedas a \u00e9l, ya que nos reservamos el derecho de cambiar, modificar, agregar o eliminar en cualquier momento parte de estas condiciones.<\/p><p>El mero acceso a este sitio web no implica en ning\u00fan caso la existencia de una relaci\u00f3n comercial entre el usuario y el sitio.<\/p><h4>I.TITULAR DEL SITIO WEB<\/h4><p>A los efectos de lo dispuesto en el Art. 10 de la Ley espa\u00f1ola 34\/2002, de 11 de julio, de Servicios de la Sociedad de la Informaci\u00f3n y Comercio Electr\u00f3nico, se proporciona la siguiente informaci\u00f3n sobre el titular de este Sitio:<\/p><p>\u2013 Titular del sitio web: Roibos Technologies, S.L. (en adelante ROIBOS o nosotros)<\/p><p>\u2013 Domicilio social: C\/Gremi Fusters, 33, Oficina 325, 07009, Palma de Mallorca, Islas Baleares, Espa\u00f1a<\/p><p>\u2013 C.I.F. B-16642688<\/p><p>\u2013 Datos de registro: Inscrita en el Registro Mercantil de Palma de Mallorca, Tomo 2829, Libro 0, Folio 32, Hoja PM-87449, 1\u00aa inscripci\u00f3n<\/p><p>Adem\u00e1s del domicilio social, se pone a disposici\u00f3n de los usuarios la siguiente direcci\u00f3n de correo electr\u00f3nico para dirigir sus solicitudes, problemas o reclamaciones: <a target=\"_new\">contact@roibos.com<\/a><\/p><h4>II.T\u00c9RMINOS DE USO<\/h4><ol><li><p>Introducci\u00f3n. Este sitio web est\u00e1 dirigido a empresas y profesionales y tiene como objetivo proporcionar informaci\u00f3n sobre ROIBOS y los servicios B2B proporcionados por la empresa. Al acceder y utilizar este Sitio, aceptas quedar sujeto a las condiciones establecidas a continuaci\u00f3n, por lo que se recomienda que leas esta secci\u00f3n cuidadosamente antes de comenzar tu navegaci\u00f3n.<\/p><\/li><li><p>Obligaciones de los Usuarios. Los usuarios se comprometen a utilizar este Sitio de manera l\u00edcita, de acuerdo con lo establecido en estas condiciones y de una manera que no cause da\u00f1o a los derechos o intereses de ROIBOS o terceros. A modo de ejemplo y en ning\u00fan caso limitativo o excluyente, el Usuario se compromete especialmente a:<\/p><\/li><\/ol><p>\u2013 No incurrir en actividades ilegales o contrarias al orden p\u00fablico o buena fe.<\/p><p>\u2013 No intentar acceder, modificar, manipular y, en su caso, utilizar las cuentas de otros Usuarios.<\/p><p>\u2013 No utilizar los datos publicados en el Sitio para enviar comunicaciones no solicitadas (spam).<\/p><p>\u2013 No realizar acciones que supongan o conlleven una violaci\u00f3n de los derechos de propiedad intelectual de ROIBOS o de terceros.<\/p><p>\u2013 No causar da\u00f1o a los sistemas f\u00edsicos y l\u00f3gicos de ROIBOS, sus proveedores o terceros.<\/p><p>\u2013 No introducir ni difundir virus inform\u00e1ticos en la red ni utilizar ning\u00fan otro sistema f\u00edsico o l\u00f3gico que pueda causar los da\u00f1os mencionados.<\/p><p>\u2013 No eliminar, alterar, eludir o manipular ning\u00fan dispositivo de protecci\u00f3n o sistema de seguridad instalado en las p\u00e1ginas de este Sitio.<\/p><ol start=\"3\"><li>Exclusi\u00f3n de responsabilidad. Este sitio web se proporciona &#8220;tal cual&#8221; y su uso se realiza por cuenta y riesgo del Usuario, por lo que ni ROIBOS ni sus administradores, empleados, proveedores o colaboradores ser\u00e1n responsables de los da\u00f1os, de cualquier naturaleza, directos o indirectos, que se deriven del uso del Sitio, excluyendo expresamente ROIBOS, en la medida permitida por la ley, cualquier tipo de garant\u00eda, ya sea expresa o impl\u00edcita.<\/li><\/ol><p>ROIBOS no garantiza la disponibilidad ni la accesibilidad del Sitio, aunque realizar\u00e1 todos los esfuerzos razonables en este sentido. Ocasionalmente, pueden producirse interrupciones por el tiempo necesario para realizar las operaciones de mantenimiento correspondientes.<\/p><p>ROIBOS no se hace responsable de posibles da\u00f1os derivados de interferencias, interrupciones, virus inform\u00e1ticos, fallos telef\u00f3nicos o desconexiones telef\u00f3nicas causadas por causas ajenas al control de dicha entidad; de retrasos o bloqueos en el uso de este sistema electr\u00f3nico causados por deficiencias o sobrecargas en el centro de procesamiento de datos, l\u00edneas telef\u00f3nicas, en el sistema de Internet u otros sistemas electr\u00f3nicos o equipos; ni de cualquier otra alteraci\u00f3n que pueda ocurrir en el software o hardware de los usuarios. Tampoco garantiza la ausencia de virus, malware, troyanos u otros elementos que puedan causar alteraciones en el sistema inform\u00e1tico, documentos o archivos del Usuario, excluyendo cualquier responsabilidad por da\u00f1os de cualquier tipo causados al Usuario por esta raz\u00f3n. Del mismo modo, ROIBOS no ser\u00e1 responsable de los da\u00f1os causados por terceros a trav\u00e9s de interferencias ileg\u00edtimas m\u00e1s all\u00e1 de su control.<\/p><p>Tampoco ser\u00e1 responsable de los da\u00f1os y perjuicios causados por el uso o mal uso de los contenidos del Sitio, ni de las consecuencias que puedan derivarse de errores, defectos u omisiones en los contenidos proporcionados por el propio sitio web, usuarios o terceros. ROIBOS no asume ninguna obligaci\u00f3n o responsabilidad con respecto a los servicios que no proporciona directamente.<\/p><ol start=\"4\"><li><p>Enlaces externos. En ning\u00fan caso ROIBOS asumir\u00e1 responsabilidad por los contenidos de los enlaces pertenecientes a un sitio web de terceros, ni garantizar\u00e1 la disponibilidad t\u00e9cnica, calidad, confiabilidad, precisi\u00f3n, amplitud, veracidad, validez y legalidad de cualquier material o informaci\u00f3n contenida en cualquiera de estos enlaces o sitios web. Asimismo, la inclusi\u00f3n de estos enlaces externos no implicar\u00e1 ning\u00fan tipo de asociaci\u00f3n, fusi\u00f3n o participaci\u00f3n con las entidades conectadas.<\/p><\/li><li><p>Denegaci\u00f3n de acceso. ROIBOS se reserva el derecho de denegar el acceso al Sitio a aquellos Usuarios que incumplan estas condiciones; en caso de problemas t\u00e9cnicos o de seguridad imprevistos; inactividad de la cuenta por un tiempo significativo; o en cumplimiento de un requerimiento y\/o una orden policial, judicial o administrativa.<\/p><\/li><\/ol><p>Dicha cancelaci\u00f3n o suspensi\u00f3n se realizar\u00e1 a discreci\u00f3n exclusiva de ROIBOS y no dar\u00e1 lugar a ning\u00fan tipo de compensaci\u00f3n.<\/p><p><em>Versi\u00f3n 1.0 \u2013 Febrero 2020<\/em><\/p>\t\t\t\t\t\t\t\t<\/div>\n\t\t\t\t<\/div>\n\t\t\t\t\t<\/div>\n\t\t<\/div>\n\t\t\t\t\t<\/div>\n\t\t<\/section>\n\t\t\t\t<\/div>\n\t\t","protected":false},"excerpt":{"rendered":"<p>Acceder al sitio web https:\/\/www.roibos.com (en adelante, el Sitio) te atribuye la condici\u00f3n de USUARIO e implica la aceptaci\u00f3n plena e ilimitada, desde el mencionado acceso y\/o uso, de los t\u00e9rminos de uso incluidos en este aviso legal y en la pol\u00edtica de privacidad del sitio en su \u00faltima versi\u00f3n, sin perjuicio de los t\u00e9rminos [&hellip;]<\/p>\n","protected":false},"author":2,"featured_media":0,"parent":0,"menu_order":0,"comment_status":"closed","ping_status":"closed","template":"elementor_header_footer","meta":{"inline_featured_image":false,"footnotes":""},"class_list":["post-28211","page","type-page","status-publish","hentry"],"aioseo_notices":[],"_links":{"self":[{"href":"https:\/\/roibos.com\/es\/wp-json\/wp\/v2\/pages\/28211","targetHints":{"allow":["GET"]}}],"collection":[{"href":"https:\/\/roibos.com\/es\/wp-json\/wp\/v2\/pages"}],"about":[{"href":"https:\/\/roibos.com\/es\/wp-json\/wp\/v2\/types\/page"}],"author":[{"embeddable":true,"href":"https:\/\/roibos.com\/es\/wp-json\/wp\/v2\/users\/2"}],"replies":[{"embeddable":true,"href":"https:\/\/roibos.com\/es\/wp-json\/wp\/v2\/comments?post=28211"}],"version-history":[{"count":10,"href":"https:\/\/roibos.com\/es\/wp-json\/wp\/v2\/pages\/28211\/revisions"}],"predecessor-version":[{"id":29481,"href":"https:\/\/roibos.com\/es\/wp-json\/wp\/v2\/pages\/28211\/revisions\/29481"}],"wp:attachment":[{"href":"https:\/\/roibos.com\/es\/wp-json\/wp\/v2\/media?parent=28211"}],"curies":[{"name":"wp","href":"https:\/\/api.w.org\/{rel}","templated":true}]}}