{"id":28886,"date":"2023-11-07T09:04:11","date_gmt":"2023-11-07T09:04:11","guid":{"rendered":"https:\/\/corp.roibos.com\/?page_id=28886"},"modified":"2025-06-17T13:38:17","modified_gmt":"2025-06-17T13:38:17","slug":"company-announcements","status":"publish","type":"page","link":"https:\/\/roibos.com\/es\/company-announcements\/","title":{"rendered":"Anuncios de la compa\u00f1\u00eda"},"content":{"rendered":"\t\t<div data-elementor-type=\"wp-page\" data-elementor-id=\"28886\" class=\"elementor elementor-28886\" data-elementor-post-type=\"page\">\n\t\t\t\t\t\t<section class=\"elementor-section elementor-top-section elementor-element elementor-element-299be022 elementor-section-boxed elementor-section-height-default elementor-section-height-default\" data-id=\"299be022\" data-element_type=\"section\" data-e-type=\"section\">\n\t\t\t\t\t\t<div class=\"elementor-container elementor-column-gap-default\">\n\t\t\t\t\t<div class=\"elementor-column elementor-col-100 elementor-top-column elementor-element elementor-element-5c65b27e\" data-id=\"5c65b27e\" data-element_type=\"column\" data-e-type=\"column\">\n\t\t\t<div class=\"elementor-widget-wrap elementor-element-populated\">\n\t\t\t\t\t\t<div class=\"elementor-element elementor-element-04fb631 elementor-widget elementor-widget-eael-adv-accordion\" data-id=\"04fb631\" data-element_type=\"widget\" data-e-type=\"widget\" data-widget_type=\"eael-adv-accordion.default\">\n\t\t\t\t<div class=\"elementor-widget-container\">\n\t\t\t\t\t            <div class=\"eael-adv-accordion\" id=\"eael-adv-accordion-04fb631\" data-scroll-on-click=\"no\" data-scroll-speed=\"300\" data-accordion-id=\"04fb631\" data-accordion-type=\"accordion\" data-toogle-speed=\"300\">\n            <div class=\"eael-accordion-list\">\n\t\t\t\t\t<div id=\"3-de-noviembre-de-2023\" class=\"elementor-tab-title eael-accordion-header\" tabindex=\"0\" data-tab=\"1\" aria-controls=\"elementor-tab-content-5221\"><span class=\"eael-advanced-accordion-icon-closed\"><i aria-hidden=\"true\" class=\"fa-accordion-icon fas fa-plus\"><\/i><\/span><span class=\"eael-advanced-accordion-icon-opened\"><i aria-hidden=\"true\" class=\"fa-accordion-icon fas fa-minus\"><\/i><\/span><span class=\"eael-accordion-tab-title\">3 de Noviembre de 2023<\/span><i aria-hidden=\"true\" class=\"fa-toggle fas fa-angle-right\"><\/i><\/div><div id=\"elementor-tab-content-5221\" class=\"eael-accordion-content clearfix\" data-tab=\"1\" aria-labelledby=\"3-de-noviembre-de-2023\"><p>Estimados socios:<\/p><p>Nos complace anunciar una Junta General Extraordinaria de accionistas para el\u00a0<b>3 de noviembre de 2023 a las 13:30 CET<\/b>. La reuni\u00f3n general de miembros se llevar\u00e1 a cabo telem\u00e1ticamente mediante videoconferencia utilizando la plataforma inform\u00e1tica Microsoft Teams y el enlace se compartir\u00e1 individualmente con ustedes.<\/p><p><b><span>La agenda incluir\u00e1:<\/span><\/b><\/p><ol><li>Actualizaci\u00f3n del negocio de Roibos.<\/li><li>Aprobaci\u00f3n de una nueva ronda de inversi\u00f3n en la que emitiremos 7,670 nuevas participaciones a 180 EUR por participaci\u00f3n.<\/li><li>Sesi\u00f3n de preguntas y respuestas.<\/li><li>Lectura y aprobaci\u00f3n del acta.<\/li><\/ol><p><b><i>Se recuerda a los socios que tienen derecho a examinar en el domicilio social de la sociedad el texto \u00edntegro de la modificaci\u00f3n de estatutos propuesta, as\u00ed como solicitar entrega o env\u00edo gratuito de dichos documentos.<\/i><\/b><\/p><p>Atentamente.<\/p><\/div>\n\t\t\t\t\t<\/div><div class=\"eael-accordion-list\">\n\t\t\t\t\t<div id=\"27-de-junio-de-2024\" class=\"elementor-tab-title eael-accordion-header\" tabindex=\"0\" data-tab=\"2\" aria-controls=\"elementor-tab-content-5222\"><span class=\"eael-advanced-accordion-icon-closed\"><i aria-hidden=\"true\" class=\"fa-accordion-icon fas fa-plus\"><\/i><\/span><span class=\"eael-advanced-accordion-icon-opened\"><i aria-hidden=\"true\" class=\"fa-accordion-icon fas fa-minus\"><\/i><\/span><span class=\"eael-accordion-tab-title\">27 de Junio de 2024<\/span><i aria-hidden=\"true\" class=\"fa-toggle fas fa-angle-right\"><\/i><\/div><div id=\"elementor-tab-content-5222\" class=\"eael-accordion-content clearfix\" data-tab=\"2\" aria-labelledby=\"27-de-junio-de-2024\"><p>Estimados accionistas:<\/p><p>Tenemos el placer de anunciarles la celebraci\u00f3n de una<strong> Junta General de Accionistas<\/strong> el<strong> 27 de junio de 2023 a las 15:00 CET<\/strong>. La junta se celebrar\u00e1 telem\u00e1ticamente por videoconferencia utilizando la plataforma inform\u00e1tica Microsoft Teams y el enlace se compartir\u00e1 individualmente con ustedes.<\/p><p>La agenda incluir\u00e1:<\/p><ol><li>Actualizaci\u00f3n del negocio de Roibos.<\/li><li>Ratificaci\u00f3n de la constituci\u00f3n de la Junta, del Orden del D\u00eda, as\u00ed como de los cargos de Presidente y Secretario de la Junta.<\/li><li>Presentaci\u00f3n de los Estados Financieros y Cuentas Anuales para el ejercicio 2023.<\/li><li>Aprobaci\u00f3n, si procede, de las Cuentas Anuales del ejercicio 2023.<\/li><li>Aprobaci\u00f3n, si procede, de la Propuesta de Aplicaci\u00f3n del resultado del citado ejercicio.<\/li><li>Aprobaci\u00f3n de la retribuci\u00f3n m\u00e1xima del Consejero Delegado de la Sociedad para el ejercicio 2024.<\/li><li>Turno de preguntas.<\/li><li>Lectura y aprobaci\u00f3n del Acta.<\/li><\/ol><p><strong>Se recuerda a los socios que tienen derecho a examinar el texto \u00edntegro de la propuesta de modificaci\u00f3n estatutaria en el domicilio social, as\u00ed como a solicitar la entrega o env\u00edo gratuito de dichos documentos.<\/strong><\/p><p>Atentamente,<\/p><\/div>\n\t\t\t\t\t<\/div><div class=\"eael-accordion-list\">\n\t\t\t\t\t<div id=\"palma-de-mallorca-14-de-octubre-de-2024-roibos-anuncia-la-siguiente-junta-general-extraordinaria-de-accionistas\" class=\"elementor-tab-title eael-accordion-header\" tabindex=\"0\" data-tab=\"3\" aria-controls=\"elementor-tab-content-5223\"><span class=\"eael-advanced-accordion-icon-closed\"><i aria-hidden=\"true\" class=\"fa-accordion-icon fas fa-plus\"><\/i><\/span><span class=\"eael-advanced-accordion-icon-opened\"><i aria-hidden=\"true\" class=\"fa-accordion-icon fas fa-minus\"><\/i><\/span><span class=\"eael-accordion-tab-title\">Palma de Mallorca, 14 de octubre de 2024, Roibos anuncia la siguiente Junta General Extraordinaria de Accionistas:<\/span><i aria-hidden=\"true\" class=\"fa-toggle fas fa-angle-right\"><\/i><\/div><div id=\"elementor-tab-content-5223\" class=\"eael-accordion-content clearfix\" data-tab=\"3\" aria-labelledby=\"palma-de-mallorca-14-de-octubre-de-2024-roibos-anuncia-la-siguiente-junta-general-extraordinaria-de-accionistas\"><p>Estimados Accionistas,<\/p><p>Por acuerdo del Consejo de Administraci\u00f3n de ROIBOS TECHNOLOGIES, S.L. (la \u201cSociedad\u201d) de fecha 11 de octubre de 2024, se convoca a los socios a <br \/>la Junta General Extraordinaria, que se celebrar\u00e1 el<strong> d\u00eda 11 de noviembre de 2024, a las 16:30h (CEST)<\/strong>, bajo el siguiente orden del d\u00eda:<\/p><p>1. Actualizaci\u00f3n de la marcha de los negocios de la Sociedad.<br \/>2. Aprobaci\u00f3n e una nueva ronda de inversi\u00f3n de la Sociedad.<br \/>3. Aprobaci\u00f3n de un ESOP plan para empleados clave.<br \/>4. Creaci\u00f3n de una nueva clase de participaciones sociales preferente identificada como \u201cParticipaciones Clase Preferente \u2013 B\u201d o \u201cPB-\u201d, y <br \/>consecuente modificaci\u00f3n de los art\u00edculos 5 y 6 de los estatutos sociales de la Sociedad.<br \/>5. Aumento del capital social mediante la creaci\u00f3n de nuevas \u201cParticipaciones Clase Ordinaria\/O-\u201d y \u201cParticipaciones Clase Preferente \u2013 B\/PB-\u201d con cargo a aportaciones dinerarias y consecuente modificaci\u00f3n del art\u00edculo 5 de los estatutos sociales de la sociedad.<br \/>6. Ruegos y preguntas.<br \/>7. Lectura y aprobaci\u00f3n del acta.<\/p><p><strong>Se recuerda a los socios que tienen derecho a examinar el texto completo de la propuesta de modificaci\u00f3n de los estatutos en el domicilio social de la empresa, as\u00ed como a solicitar la entrega o el env\u00edo gratuito de dichos documentos.<\/strong><\/p><p>Atentamente,<\/p><p>El Secretario del Consejo de Administraci\u00f3n<\/p><p>D. Jos\u00e9 Escandell Escandel<\/p><\/div>\n\t\t\t\t\t<\/div><div class=\"eael-accordion-list\">\n\t\t\t\t\t<div id=\"-roibos-junta-general-de-accionistas-7-de-julio-de-2025\" class=\"elementor-tab-title eael-accordion-header active-default\" tabindex=\"0\" data-tab=\"4\" aria-controls=\"elementor-tab-content-5224\"><span class=\"eael-advanced-accordion-icon-closed\"><i aria-hidden=\"true\" class=\"fa-accordion-icon fas fa-plus\"><\/i><\/span><span class=\"eael-advanced-accordion-icon-opened\"><i aria-hidden=\"true\" class=\"fa-accordion-icon fas fa-minus\"><\/i><\/span><span class=\"eael-accordion-tab-title\"> ROIBOS | JUNTA GENERAL DE ACCIONISTAS 7 de julio de 2025<\/span><i aria-hidden=\"true\" class=\"fa-toggle fas fa-angle-right\"><\/i><\/div><div id=\"elementor-tab-content-5224\" class=\"eael-accordion-content clearfix active-default\" data-tab=\"4\" aria-labelledby=\"-roibos-junta-general-de-accionistas-7-de-julio-de-2025\"><p>Estimados Accionistas,<\/p><p>Tenemos el placer de anunciarles la celebraci\u00f3n de una Junta General de Accionistas<strong> el 7 de julio de 2024 a las 16:00 CET.<\/strong> La junta general de socios se celebrar\u00e1 telem\u00e1ticamente por videoconferencia utilizando la plataforma inform\u00e1tica Microsoft Teams y el enlace se compartir\u00e1 individualmente con ustedes.<\/p><p><br \/>El orden del d\u00eda incluir\u00e1 los siguientes puntos<\/p><p>1.Actualizaci\u00f3n de Roibos Business.<br \/>Ratificaci\u00f3n de la constituci\u00f3n de la Junta, del Orden del D\u00eda, as\u00ed como de los cargos de Presidente y Secretario de la Junta.<br \/>2. Presentaci\u00f3n de los Estados Financieros y Cuentas Anuales para el ejercicio 2024.<br \/>3.Aprobaci\u00f3n, si procede, de las Cuentas Anuales del ejercicio 2024.<br \/>4.Aprobaci\u00f3n, si procede, de la Propuesta de Aplicaci\u00f3n del resultado del citado ejercicio.<br \/>5.Aprobaci\u00f3n de la retribuci\u00f3n m\u00e1xima del Consejero Delegado de la Sociedad para el ejercicio 2025.<br \/>6.Turno de ruegos y preguntas.<br \/>7.Lectura y aprobaci\u00f3n del Acta.<\/p><p><br \/><strong>Se recuerda a los socios que tienen derecho a examinar el texto \u00edntegro de la propuesta de modificaci\u00f3n estatutaria en el domicilio social, as\u00ed como a solicitar la entrega o env\u00edo gratuito de dichos documentos<\/strong>.<\/p><p>\u00a0<\/p><\/div>\n\t\t\t\t\t<\/div><\/div>\t\t\t\t<\/div>\n\t\t\t\t<\/div>\n\t\t\t\t\t<\/div>\n\t\t<\/div>\n\t\t\t\t\t<\/div>\n\t\t<\/section>\n\t\t\t\t<\/div>\n\t\t","protected":false},"excerpt":{"rendered":"<p>3 de Noviembre de 2023 Estimados socios: Nos complace anunciar una Junta General Extraordinaria de accionistas para el\u00a03 de noviembre de 2023 a las 13:30 CET. La reuni\u00f3n general de miembros se llevar\u00e1 a cabo telem\u00e1ticamente mediante videoconferencia utilizando la plataforma inform\u00e1tica Microsoft Teams y el enlace se compartir\u00e1 individualmente con ustedes. La agenda incluir\u00e1: [&hellip;]<\/p>\n","protected":false},"author":2,"featured_media":0,"parent":0,"menu_order":0,"comment_status":"closed","ping_status":"closed","template":"","meta":{"inline_featured_image":false,"footnotes":""},"class_list":["post-28886","page","type-page","status-publish","hentry"],"aioseo_notices":[],"_links":{"self":[{"href":"https:\/\/roibos.com\/es\/wp-json\/wp\/v2\/pages\/28886","targetHints":{"allow":["GET"]}}],"collection":[{"href":"https:\/\/roibos.com\/es\/wp-json\/wp\/v2\/pages"}],"about":[{"href":"https:\/\/roibos.com\/es\/wp-json\/wp\/v2\/types\/page"}],"author":[{"embeddable":true,"href":"https:\/\/roibos.com\/es\/wp-json\/wp\/v2\/users\/2"}],"replies":[{"embeddable":true,"href":"https:\/\/roibos.com\/es\/wp-json\/wp\/v2\/comments?post=28886"}],"version-history":[{"count":49,"href":"https:\/\/roibos.com\/es\/wp-json\/wp\/v2\/pages\/28886\/revisions"}],"predecessor-version":[{"id":43496,"href":"https:\/\/roibos.com\/es\/wp-json\/wp\/v2\/pages\/28886\/revisions\/43496"}],"wp:attachment":[{"href":"https:\/\/roibos.com\/es\/wp-json\/wp\/v2\/media?parent=28886"}],"curies":[{"name":"wp","href":"https:\/\/api.w.org\/{rel}","templated":true}]}}