{"id":31158,"date":"2024-01-05T09:33:59","date_gmt":"2024-01-05T09:33:59","guid":{"rendered":"https:\/\/corp.roibos.com\/?page_id=31158"},"modified":"2024-01-22T08:59:24","modified_gmt":"2024-01-22T08:59:24","slug":"registro-partner-de-distribucion","status":"publish","type":"page","link":"https:\/\/roibos.com\/es\/registro-partner-de-distribucion\/","title":{"rendered":"Distribution partner registration success"},"content":{"rendered":"\t\t<div data-elementor-type=\"wp-page\" data-elementor-id=\"31158\" class=\"elementor elementor-31158 elementor-31157\" data-elementor-post-type=\"page\">\n\t\t\t\t\t\t<section class=\"elementor-section elementor-top-section elementor-element elementor-element-de503a7 elementor-reverse-tablet elementor-reverse-mobile elementor-section-boxed elementor-section-height-default elementor-section-height-default\" data-id=\"de503a7\" data-element_type=\"section\" data-e-type=\"section\" data-settings=\"{&quot;background_background&quot;:&quot;classic&quot;}\">\n\t\t\t\t\t\t\t<div class=\"elementor-background-overlay\"><\/div>\n\t\t\t\t\t\t\t<div class=\"elementor-container elementor-column-gap-default\">\n\t\t\t\t\t<div class=\"elementor-column elementor-col-100 elementor-top-column elementor-element elementor-element-c574ac3\" data-id=\"c574ac3\" data-element_type=\"column\" data-e-type=\"column\" data-settings=\"{&quot;background_background&quot;:&quot;classic&quot;}\">\n\t\t\t<div class=\"elementor-widget-wrap elementor-element-populated\">\n\t\t\t\t\t\t<section class=\"elementor-section elementor-inner-section elementor-element elementor-element-123ae5c elementor-section-full_width elementor-section-height-default elementor-section-height-default elementor-invisible\" data-id=\"123ae5c\" data-element_type=\"section\" data-e-type=\"section\" data-settings=\"{&quot;animation&quot;:&quot;fadeIn&quot;}\">\n\t\t\t\t\t\t<div class=\"elementor-container elementor-column-gap-default\">\n\t\t\t\t\t<div class=\"elementor-column elementor-col-100 elementor-inner-column elementor-element elementor-element-a989f6f\" data-id=\"a989f6f\" data-element_type=\"column\" data-e-type=\"column\" data-settings=\"{&quot;background_background&quot;:&quot;classic&quot;}\">\n\t\t\t<div class=\"elementor-widget-wrap elementor-element-populated\">\n\t\t\t\t\t\t<div class=\"elementor-element elementor-element-ce47d0e elementor-widget elementor-widget-heading\" data-id=\"ce47d0e\" data-element_type=\"widget\" data-e-type=\"widget\" data-widget_type=\"heading.default\">\n\t\t\t\t<div class=\"elementor-widget-container\">\n\t\t\t\t\t<h2 class=\"elementor-heading-title elementor-size-default\">REGISTRO PARTNER DE DISTRIBUCI\u00d3N<\/h2>\t\t\t\t<\/div>\n\t\t\t\t<\/div>\n\t\t\t\t<div class=\"elementor-element elementor-element-900f55e elementor-widget__width-initial elementor-widget elementor-widget-heading\" data-id=\"900f55e\" data-element_type=\"widget\" data-e-type=\"widget\" data-widget_type=\"heading.default\">\n\t\t\t\t<div class=\"elementor-widget-container\">\n\t\t\t\t\t<h2 class=\"elementor-heading-title elementor-size-default\"><span class=\"text-gradient\">Tu registro se ha completado con \u00e9xito.<\/span> El equipo de Roibos se pondr\u00e1 en contacto contigo en breve para iniciar el proceso que te dar\u00e1 acceso a la plataforma.<br>\u00a1Muchas gracias!<\/h2>\t\t\t\t<\/div>\n\t\t\t\t<\/div>\n\t\t\t\t<div class=\"elementor-element elementor-element-aa2da83 elementor-widget elementor-widget-button\" data-id=\"aa2da83\" data-element_type=\"widget\" data-e-type=\"widget\" data-widget_type=\"button.default\">\n\t\t\t\t<div class=\"elementor-widget-container\">\n\t\t\t\t\t\t\t\t\t<div class=\"elementor-button-wrapper\">\n\t\t\t\t\t<a class=\"elementor-button elementor-button-link elementor-size-sm\" href=\"https:\/\/roibos.com\/es\/register-partner-distribution\/\">\n\t\t\t\t\t\t<span class=\"elementor-button-content-wrapper\">\n\t\t\t\t\t\t\t\t\t<span class=\"elementor-button-text\">Volver<\/span>\n\t\t\t\t\t<\/span>\n\t\t\t\t\t<\/a>\n\t\t\t\t<\/div>\n\t\t\t\t\t\t\t\t<\/div>\n\t\t\t\t<\/div>\n\t\t\t\t\t<\/div>\n\t\t<\/div>\n\t\t\t\t\t<\/div>\n\t\t<\/section>\n\t\t\t\t\t<\/div>\n\t\t<\/div>\n\t\t\t\t\t<\/div>\n\t\t<\/section>\n\t\t\t\t<\/div>\n\t\t","protected":false},"excerpt":{"rendered":"<p>REGISTRO PARTNER DE DISTRIBUCI\u00d3N Tu registro se ha completado con \u00e9xito. El equipo de Roibos se pondr\u00e1 en contacto contigo en breve para iniciar el proceso que te dar\u00e1 acceso a la plataforma.\u00a1Muchas gracias! Volver<\/p>\n","protected":false},"author":2,"featured_media":0,"parent":0,"menu_order":0,"comment_status":"closed","ping_status":"closed","template":"page-templates\/template-full-width-page-without-header-title.php","meta":{"inline_featured_image":false,"footnotes":""},"class_list":["post-31158","page","type-page","status-publish","hentry"],"aioseo_notices":[],"_links":{"self":[{"href":"https:\/\/roibos.com\/es\/wp-json\/wp\/v2\/pages\/31158","targetHints":{"allow":["GET"]}}],"collection":[{"href":"https:\/\/roibos.com\/es\/wp-json\/wp\/v2\/pages"}],"about":[{"href":"https:\/\/roibos.com\/es\/wp-json\/wp\/v2\/types\/page"}],"author":[{"embeddable":true,"href":"https:\/\/roibos.com\/es\/wp-json\/wp\/v2\/users\/2"}],"replies":[{"embeddable":true,"href":"https:\/\/roibos.com\/es\/wp-json\/wp\/v2\/comments?post=31158"}],"version-history":[{"count":9,"href":"https:\/\/roibos.com\/es\/wp-json\/wp\/v2\/pages\/31158\/revisions"}],"predecessor-version":[{"id":32596,"href":"https:\/\/roibos.com\/es\/wp-json\/wp\/v2\/pages\/31158\/revisions\/32596"}],"wp:attachment":[{"href":"https:\/\/roibos.com\/es\/wp-json\/wp\/v2\/media?parent=31158"}],"curies":[{"name":"wp","href":"https:\/\/api.w.org\/{rel}","templated":true}]}}