{"id":37726,"date":"2024-10-21T07:44:10","date_gmt":"2024-10-21T07:44:10","guid":{"rendered":"https:\/\/roibos.com\/?page_id=37726"},"modified":"2025-02-26T10:55:53","modified_gmt":"2025-02-26T10:55:53","slug":"unete-a-roibos","status":"publish","type":"page","link":"https:\/\/roibos.com\/es\/unete-a-roibos\/","title":{"rendered":""},"content":{"rendered":"\t\t<div data-elementor-type=\"wp-page\" data-elementor-id=\"37726\" class=\"elementor elementor-37726 elementor-37725\" data-elementor-post-type=\"page\">\n\t\t\t\t\t\t<section class=\"elementor-section elementor-top-section elementor-element elementor-element-299be022 elementor-section-boxed elementor-section-height-default elementor-section-height-default\" data-id=\"299be022\" data-element_type=\"section\" data-e-type=\"section\">\n\t\t\t\t\t\t<div class=\"elementor-container elementor-column-gap-default\">\n\t\t\t\t\t<div class=\"elementor-column elementor-col-100 elementor-top-column elementor-element elementor-element-5c65b27e\" data-id=\"5c65b27e\" data-element_type=\"column\" data-e-type=\"column\">\n\t\t\t<div class=\"elementor-widget-wrap elementor-element-populated\">\n\t\t\t\t\t\t<div class=\"elementor-element elementor-element-892c626 elementor-widget elementor-widget-text-editor\" data-id=\"892c626\" data-element_type=\"widget\" data-e-type=\"widget\" data-widget_type=\"text-editor.default\">\n\t\t\t\t<div class=\"elementor-widget-container\">\n\t\t\t\t\t\t\t\t\t<p>\u00danete a nuestro equipo\u00a0<span class=\"text-gradient\">y forma parte de Roibos\u00a0<\/span><\/p>\t\t\t\t\t\t\t\t<\/div>\n\t\t\t\t<\/div>\n\t\t\t\t<div class=\"elementor-element elementor-element-dae22fb elementor-widget elementor-widget-text-editor\" data-id=\"dae22fb\" data-element_type=\"widget\" data-e-type=\"widget\" data-widget_type=\"text-editor.default\">\n\t\t\t\t<div class=\"elementor-widget-container\">\n\t\t\t\t\t\t\t\t\t<p>En <strong>Roibos<\/strong>, estamos buscando cubrir varias posiciones emocionantes en diferentes \u00e1reas. Si te interesa formar parte de una empresa que est\u00e1 revolucionando la distribuci\u00f3n hotelera, \u00a1nos encantar\u00eda conocerte!<\/p>\t\t\t\t\t\t\t\t<\/div>\n\t\t\t\t<\/div>\n\t\t\t\t<div class=\"elementor-element elementor-element-04fb631 elementor-widget elementor-widget-eael-adv-accordion\" data-id=\"04fb631\" data-element_type=\"widget\" data-e-type=\"widget\" data-widget_type=\"eael-adv-accordion.default\">\n\t\t\t\t<div class=\"elementor-widget-container\">\n\t\t\t\t\t            <div class=\"eael-adv-accordion\" id=\"eael-adv-accordion-04fb631\" data-scroll-on-click=\"no\" data-scroll-speed=\"300\" data-accordion-id=\"04fb631\" data-accordion-type=\"accordion\" data-toogle-speed=\"300\">\n            <div class=\"eael-accordion-list\">\n\t\t\t\t\t<div id=\"technical-account-manager\" class=\"elementor-tab-title eael-accordion-header\" tabindex=\"0\" data-tab=\"1\" aria-controls=\"elementor-tab-content-5221\"><span class=\"eael-advanced-accordion-icon-closed\"><i aria-hidden=\"true\" class=\"fa-accordion-icon fas fa-plus\"><\/i><\/span><span class=\"eael-advanced-accordion-icon-opened\"><i aria-hidden=\"true\" class=\"fa-accordion-icon fas fa-minus\"><\/i><\/span><span class=\"eael-accordion-tab-title\">Technical Account Manager<\/span><i aria-hidden=\"true\" class=\"fa-toggle fas fa-angle-right\"><\/i><\/div><div id=\"elementor-tab-content-5221\" class=\"eael-accordion-content clearfix\" data-tab=\"1\" aria-labelledby=\"technical-account-manager\"><p>En Roibos, estamos buscando un <strong>Technical Account Manager<\/strong> que juegue un papel crucial en la satisfacci\u00f3n y \u00e9xito de nuestros clientes. Este rol implica trabajar directamente con agencias de distribuci\u00f3n hotelera, apoyando la integraci\u00f3n t\u00e9cnica y asegurando que nuestros clientes aprovechen al m\u00e1ximo nuestra plataforma.<\/p><p><strong>Responsabilidades clave:<\/strong><\/p><ul><li>Ser el principal punto de contacto t\u00e9cnico para las agencias cliente, gestionando sus necesidades diarias.<\/li><li>Asesorar a los clientes en la implementaci\u00f3n y uso efectivo de nuestras soluciones t\u00e9cnicas.<\/li><li>Gestionar las integraciones t\u00e9cnicas de los clientes, resolviendo problemas y optimizando el uso de nuestras APIs y plataformas.<\/li><li>Colaborar con equipos internos (soporte, ventas, producto) para asegurar que los problemas se resuelvan de manera r\u00e1pida y eficiente.<\/li><li>Proporcionar formaci\u00f3n t\u00e9cnica a los clientes para asegurar una correcta adopci\u00f3n de nuestras herramientas.<\/li><li>Realizar seguimiento post-implementaci\u00f3n, garantizando la optimizaci\u00f3n y mejora continua de los servicios ofrecidos.<\/li><\/ul><p><strong>Requisitos:<\/strong><\/p><ul><li>Experiencia previa en gesti\u00f3n de cuentas t\u00e9cnicas o en un rol similar en tecnolog\u00eda o distribuci\u00f3n.<\/li><li>Conocimiento de APIs, integraci\u00f3n de sistemas y tecnolog\u00edas relacionadas.<\/li><li>Excelentes habilidades de comunicaci\u00f3n y capacidad para explicar conceptos t\u00e9cnicos a clientes no t\u00e9cnicos.<\/li><li>Capacidad para gestionar m\u00faltiples proyectos simult\u00e1neamente.<\/li><li>Nivel avanzado de ingl\u00e9s y espa\u00f1ol.<\/li><\/ul><p><strong>Qu\u00e9 ofrecemos:<\/strong><\/p><ul><li>Oportunidades de crecimiento profesional en una compa\u00f1\u00eda en expansi\u00f3n.<\/li><li>Un entorno de trabajo din\u00e1mico, con un equipo internacional comprometido con la innovaci\u00f3n en la industria hotelera.<\/li><\/ul><\/div>\n\t\t\t\t\t<\/div><div class=\"eael-accordion-list\">\n\t\t\t\t\t<div id=\"key-account-manager\" class=\"elementor-tab-title eael-accordion-header active-default\" tabindex=\"0\" data-tab=\"2\" aria-controls=\"elementor-tab-content-5222\"><span class=\"eael-advanced-accordion-icon-closed\"><i aria-hidden=\"true\" class=\"fa-accordion-icon fas fa-plus\"><\/i><\/span><span class=\"eael-advanced-accordion-icon-opened\"><i aria-hidden=\"true\" class=\"fa-accordion-icon fas fa-minus\"><\/i><\/span><span class=\"eael-accordion-tab-title\">Key Account Manager<\/span><i aria-hidden=\"true\" class=\"fa-toggle fas fa-angle-right\"><\/i><\/div><div id=\"elementor-tab-content-5222\" class=\"eael-accordion-content clearfix active-default\" data-tab=\"2\" aria-labelledby=\"key-account-manager\"><p>En Roibos, estamos buscando un <strong>Key Account Manager<\/strong> para gestionar nuestras relaciones con los clientes m\u00e1s importantes. Este rol es clave para mantener y desarrollar relaciones estrat\u00e9gicas a largo plazo.<\/p><p><strong>Responsabilidades clave:<\/strong><\/p><ul><li>Gestionar la relaci\u00f3n con las cuentas clave, asegurando que obtengan el m\u00e1ximo valor de nuestra plataforma.<\/li><li>Ser el principal punto de contacto para nuestros clientes principales, comprendiendo sus necesidades y anticipando sus demandas.<\/li><li>Colaborar con los equipos internos (soporte, producto, ventas) para resolver problemas y optimizar la experiencia del cliente.<\/li><li>Realizar seguimiento regular del rendimiento de las cuentas y proponer mejoras continuas.<\/li><li>Negociar y renovar contratos con clientes estrat\u00e9gicos.<\/li><li>Identificar oportunidades para la expansi\u00f3n del negocio dentro de las cuentas actuales.<\/li><\/ul><p><strong>Requisitos:<\/strong><\/p><ul><li>Experiencia previa en gesti\u00f3n de cuentas clave, preferiblemente en tecnolog\u00eda o distribuci\u00f3n hotelera.<\/li><li>Excelentes habilidades de comunicaci\u00f3n y negociaci\u00f3n.<\/li><li>Capacidad para gestionar m\u00faltiples relaciones estrat\u00e9gicas simult\u00e1neamente.<\/li><li>Nivel avanzado de ingl\u00e9s y espa\u00f1ol.<\/li><li>Fuerte orientaci\u00f3n al cliente y a la creaci\u00f3n de relaciones a largo plazo.<\/li><\/ul><p><strong>Qu\u00e9 ofrecemos:<\/strong><\/p><ul><li>Oportunidades de desarrollo profesional en un entorno din\u00e1mico e internacional.<\/li><li>Un equipo colaborativo que valora el \u00e9xito compartido y el desarrollo a largo plazo.<\/li><\/ul><\/div>\n\t\t\t\t\t<\/div><div class=\"eael-accordion-list\">\n\t\t\t\t\t<div id=\"optimization-manager\" class=\"elementor-tab-title eael-accordion-header\" tabindex=\"0\" data-tab=\"3\" aria-controls=\"elementor-tab-content-5223\"><span class=\"eael-advanced-accordion-icon-closed\"><i aria-hidden=\"true\" class=\"fa-accordion-icon fas fa-plus\"><\/i><\/span><span class=\"eael-advanced-accordion-icon-opened\"><i aria-hidden=\"true\" class=\"fa-accordion-icon fas fa-minus\"><\/i><\/span><span class=\"eael-accordion-tab-title\">Optimization Manager<\/span><i aria-hidden=\"true\" class=\"fa-toggle fas fa-angle-right\"><\/i><\/div><div id=\"elementor-tab-content-5223\" class=\"eael-accordion-content clearfix\" data-tab=\"3\" aria-labelledby=\"optimization-manager\"><p>En Roibos, estamos en b\u00fasqueda de un <strong>Optimization Manager<\/strong> para liderar la mejora continua de nuestros procesos internos y la eficiencia de la plataforma. Este rol es clave para asegurar que nuestro marketplace opere al m\u00e1s alto nivel de rendimiento.<\/p><p><strong>Responsabilidades clave:<\/strong><\/p><ul><li>Identificar oportunidades de mejora en los procesos operativos y t\u00e9cnicos de la plataforma.<\/li><li>Desarrollar e implementar estrategias para optimizar la eficiencia y la calidad del servicio.<\/li><li>Colaborar con los equipos de desarrollo, ventas y operaciones para garantizar que las soluciones sean pr\u00e1cticas y escalables.<\/li><li>Analizar datos de rendimiento y proponer mejoras basadas en resultados tangibles.<\/li><li>Supervisar la implementaci\u00f3n de mejoras, asegurando que los cambios se realicen de manera efectiva.<\/li><\/ul><p><strong>Requisitos:<\/strong><\/p><ul><li>Experiencia en roles de optimizaci\u00f3n o mejora continua, preferiblemente en tecnolog\u00eda o distribuci\u00f3n.<\/li><li>Fuertes habilidades anal\u00edticas y capacidad para trabajar con grandes vol\u00famenes de datos.<\/li><li>Conocimiento de metodolog\u00edas \u00e1giles y de mejora continua.<\/li><li>Nivel avanzado de ingl\u00e9s y espa\u00f1ol.<\/li><li>Orientaci\u00f3n a resultados y habilidades de gesti\u00f3n de proyectos.<\/li><\/ul><p><strong>Qu\u00e9 ofrecemos:<\/strong><\/p><ul><li>Un ambiente de trabajo colaborativo con grandes oportunidades de desarrollo.<\/li><li>La posibilidad de liderar proyectos clave en una empresa en constante evoluci\u00f3n.<\/li><\/ul><\/div>\n\t\t\t\t\t<\/div><div class=\"eael-accordion-list\">\n\t\t\t\t\t<div id=\"full-stack-developer\" class=\"elementor-tab-title eael-accordion-header\" tabindex=\"0\" data-tab=\"4\" aria-controls=\"elementor-tab-content-5224\"><span class=\"eael-advanced-accordion-icon-closed\"><i aria-hidden=\"true\" class=\"fa-accordion-icon fas fa-plus\"><\/i><\/span><span class=\"eael-advanced-accordion-icon-opened\"><i aria-hidden=\"true\" class=\"fa-accordion-icon fas fa-minus\"><\/i><\/span><span class=\"eael-accordion-tab-title\">Full-Stack Developer<\/span><i aria-hidden=\"true\" class=\"fa-toggle fas fa-angle-right\"><\/i><\/div><div id=\"elementor-tab-content-5224\" class=\"eael-accordion-content clearfix\" data-tab=\"4\" aria-labelledby=\"full-stack-developer\"><p>Roibos est\u00e1 buscando programadores para el Equipo de Desarrollo de Roibos. Un peque\u00f1o grupo de desarrolladores que trabajan en proyectos estrat\u00e9gicos acordes a los diferentes productos que Roibos ofrece.<\/p><p>Buscamos<strong> programadores con experiencia en desarrollo .NET <\/strong>y ganas de seguir aprendiendo y que quieran desarrollar su carrera profesional dentro del mundo de la programaci\u00f3n.<\/p><p>Trabajamos en proyectos y arquitecturas muy variadas siempre buscando encontrar la soluci\u00f3n m\u00e1s adecuada para cada situaci\u00f3n. Independientemente de la soluci\u00f3n elegida, siempre aplicamos los mismos principios: atender las necesidades, escalabilidad, estabilidad, responsabilidad y calidad.<\/p><p>Buscamos personal responsable, exigente, proactivo y aut\u00f3nomo.<\/p><p>Trabajamos con metodolog\u00eda Agile, con Sprints cortos utilizando JIRA.<\/p><p><strong>Responsabilidades \/ Conocimientos<\/strong><\/p><p>\u00b7 Desarrollo FullStack en C# NET Framework y Net6 (minimo 3 a\u00f1os de experiencia)<\/p><p>\u00b7 Blazor Server<\/p><p>\u00b7 Sistema de control de versiones: GIT, Devops y herramientas de CI\/CD<\/p><p>\u00b7 API REST, servicios web SOAP y Microservicios GRPC<\/p><p>\u00b7 Bases de datos Microsoft SQL Server<\/p><p>\u00b7 Formatos de datos como JSON y XML<\/p><p>\u00b7 Pruebas unitarias<\/p><p><strong>\u00bfQu\u00e9 ofrecemos?<\/strong><\/p><p>\u00b7 Incorporarte a una compa\u00f1\u00eda con una enorme proyecci\u00f3n que est\u00e1 en constante evoluci\u00f3n, crecimiento y mejora.<\/p><p>\u00b7 Tener tu propio plan personal de carrera.<\/p><p>\u00b7 Te puedes aprovechar de descuentos en seguros de salud.<\/p><\/div>\n\t\t\t\t\t<\/div><div class=\"eael-accordion-list\">\n\t\t\t\t\t<div id=\"onboarding-manager\" class=\"elementor-tab-title eael-accordion-header\" tabindex=\"0\" data-tab=\"5\" aria-controls=\"elementor-tab-content-5225\"><span class=\"eael-advanced-accordion-icon-closed\"><i aria-hidden=\"true\" class=\"fa-accordion-icon fas fa-plus\"><\/i><\/span><span class=\"eael-advanced-accordion-icon-opened\"><i aria-hidden=\"true\" class=\"fa-accordion-icon fas fa-minus\"><\/i><\/span><span class=\"eael-accordion-tab-title\">Onboarding Manager<\/span><i aria-hidden=\"true\" class=\"fa-toggle fas fa-angle-right\"><\/i><\/div><div id=\"elementor-tab-content-5225\" class=\"eael-accordion-content clearfix\" data-tab=\"5\" aria-labelledby=\"onboarding-manager\"><h2>Descripci\u00f3n de empleo<\/h2><p>En <strong>Roibos<\/strong>, buscamos un <strong>Onboarder<\/strong> que desempe\u00f1e un rol clave en nuestro equipo de ventas, ayudando a las agencias cliente a integrarse r\u00e1pidamente y de manera eficiente en nuestra plataforma. Si tienes experiencia en gesti\u00f3n de onboarding y te apasiona trabajar en un entorno innovador y din\u00e1mico, esta posici\u00f3n es para ti.<\/p><p><strong>Responsabilidades clave<\/strong>:<\/p><ul><li>Gestionar el proceso completo de onboarding para asegurar la correcta configuraci\u00f3n de las agencias cliente en la plataforma.<\/li><li>Agilizar la integraci\u00f3n de nuevas agencias, logrando su productividad en el menor tiempo posible.<\/li><li>Acompa\u00f1ar al cliente desde la firma del contrato hasta alcanzar niveles \u00f3ptimos de producci\u00f3n.<\/li><li>Colaborar estrechamente con el equipo de ventas, liderando el proceso de incorporaci\u00f3n de nuevos clientes.<\/li><li>Ser el punto de contacto principal durante la activaci\u00f3n de las agencias en Roibos.<\/li><li>Organizar sesiones de formaci\u00f3n para asegurar una adopci\u00f3n efectiva de nuestras herramientas por parte del cliente.<\/li><li>Liderar las llamadas de kick-off para nuevas agencias, brindando soporte constante durante la implementaci\u00f3n.<\/li><li>Asegurar que las agencias comprendan nuestra propuesta de valor y optimicen sus oportunidades de crecimiento a trav\u00e9s de nuestra plataforma.<\/li><li>Supervisar y reportar el progreso del onboarding, garantizando el cumplimiento de plazos y metas establecidos.<\/li><\/ul><p><strong>Requisitos<\/strong>:<\/p><ul><li>Experiencia previa en gesti\u00f3n de onboarding de clientes, preferiblemente en tecnolog\u00eda o distribuci\u00f3n.<\/li><li>Excelentes habilidades de comunicaci\u00f3n en espa\u00f1ol e ingl\u00e9s (escrito y hablado).<\/li><li>Capacidad para trabajar de manera aut\u00f3noma y en equipo, con excelente organizaci\u00f3n y atenci\u00f3n al detalle.<\/li><li>Orientaci\u00f3n a resultados, con un enfoque en mejora continua.<\/li><li>Flexibilidad para adaptarse a un entorno din\u00e1mico y en r\u00e1pido crecimiento.<\/li><\/ul><p><strong>Qu\u00e9 ofrecemos<\/strong>:<\/p><ul><li>Formar parte de un equipo internacional y altamente din\u00e1mico, comprometido con la innovaci\u00f3n en el sector hotelero.<\/li><li>Oportunidades de desarrollo profesional y crecimiento dentro del grupo.<\/li><li>Un entorno de trabajo colaborativo donde se valora el esfuerzo, la dedicaci\u00f3n y el \u00e9xito compartido.<\/li><\/ul><\/div>\n\t\t\t\t\t<\/div><\/div>\t\t\t\t<\/div>\n\t\t\t\t<\/div>\n\t\t\t\t<div class=\"elementor-element elementor-element-359d07b elementor-widget elementor-widget-text-editor\" data-id=\"359d07b\" data-element_type=\"widget\" data-e-type=\"widget\" data-widget_type=\"text-editor.default\">\n\t\t\t\t<div class=\"elementor-widget-container\">\n\t\t\t\t\t\t\t\t\t<p>Para aplicar, rellena el siguiente formulario:<\/p><p>\u00a0<\/p>\t\t\t\t\t\t\t\t<\/div>\n\t\t\t\t<\/div>\n\t\t\t\t<div class=\"elementor-element elementor-element-2ee2f25 form-join-us eael-contact-form-7-button-align-left eael-contact-form-7-button-custom elementor-widget elementor-widget-eael-contact-form-7\" data-id=\"2ee2f25\" data-element_type=\"widget\" data-e-type=\"widget\" data-widget_type=\"eael-contact-form-7.default\">\n\t\t\t\t<div class=\"elementor-widget-container\">\n\t\t\t\t\t<div class=\"eael-contact-form-7-wrapper\">\n                <div class=\"eael-contact-form eael-contact-form-7 eael-contact-form-2ee2f25 placeholder-show eael-contact-form-align-default\">\n<div class=\"wpcf7 no-js\" id=\"wpcf7-f40765-o1\" lang=\"es-ES\" dir=\"ltr\" data-wpcf7-id=\"40765\">\n<div class=\"screen-reader-response\"><p role=\"status\" aria-live=\"polite\" aria-atomic=\"true\"><\/p> <ul><\/ul><\/div>\n<form action=\"\/es\/wp-json\/wp\/v2\/pages\/37726#wpcf7-f40765-o1\" method=\"post\" class=\"wpcf7-form init\" aria-label=\"Formulario de contacto\" enctype=\"multipart\/form-data\" novalidate=\"novalidate\" data-status=\"init\">\n<fieldset class=\"hidden-fields-container\"><input type=\"hidden\" name=\"_wpcf7\" value=\"40765\" \/><input type=\"hidden\" name=\"_wpcf7_version\" value=\"6.1.5\" \/><input type=\"hidden\" name=\"_wpcf7_locale\" value=\"es_ES\" \/><input type=\"hidden\" name=\"_wpcf7_unit_tag\" value=\"wpcf7-f40765-o1\" \/><input type=\"hidden\" name=\"_wpcf7_container_post\" value=\"0\" \/><input type=\"hidden\" name=\"_wpcf7_posted_data_hash\" value=\"\" \/>\n<\/fieldset>\n<div class=\"text-two-side\">\n\t<div class=\"text-two-side-item\">\n\t\t<p><span class=\"wpcf7-form-control-wrap\" data-name=\"your-name\"><input size=\"40\" maxlength=\"400\" class=\"wpcf7-form-control wpcf7-text wpcf7-validates-as-required\" aria-required=\"true\" aria-invalid=\"false\" value=\"Nombre\" type=\"text\" name=\"your-name\" \/><\/span>\n\t\t<\/p>\n\t<\/div>\n\t<div class=\"text-two-side-item\">\n\t\t<p><span class=\"wpcf7-form-control-wrap\" data-name=\"your-last-name\"><input size=\"40\" maxlength=\"400\" class=\"wpcf7-form-control wpcf7-text wpcf7-validates-as-required\" aria-required=\"true\" aria-invalid=\"false\" value=\"Apellidos\" type=\"text\" name=\"your-last-name\" \/><\/span>\n\t\t<\/p>\n\t<\/div>\n<\/div>\n<div class=\"text-two-side\">\n\t<div class=\"text-two-side-item\">\n\t\t<p><span class=\"wpcf7-form-control-wrap\" data-name=\"your-email\"><input size=\"40\" maxlength=\"400\" class=\"wpcf7-form-control wpcf7-email wpcf7-validates-as-required wpcf7-text wpcf7-validates-as-email\" autocomplete=\"email\" aria-required=\"true\" aria-invalid=\"false\" value=\"Email\" type=\"email\" name=\"your-email\" \/><\/span>\n\t\t<\/p>\n\t<\/div>\n\t<div class=\"text-two-side-item\">\n\t\t<p><span class=\"wpcf7-form-control-wrap\" data-name=\"tel-887\"><input size=\"40\" maxlength=\"400\" class=\"wpcf7-form-control wpcf7-tel wpcf7-validates-as-required wpcf7-text wpcf7-validates-as-tel\" aria-required=\"true\" aria-invalid=\"false\" value=\"Tel\u00e9fono\" type=\"tel\" name=\"tel-887\" \/><\/span>\n\t\t<\/p>\n\t<\/div>\n<\/div>\n<div class=\"textarea-comment\">\n\t<p><span class=\"wpcf7-form-control-wrap\" data-name=\"your-comment\"><textarea cols=\"40\" rows=\"10\" maxlength=\"2000\" class=\"wpcf7-form-control wpcf7-textarea\" aria-invalid=\"false\" name=\"your-comment\">Comentario<\/textarea><\/span>\n\t<\/p>\n<\/div>\n<p><label>Adjuntar CV:<br \/>\n<span class=\"wpcf7-form-control-wrap\" data-name=\"file-802\"><input size=\"40\" class=\"wpcf7-form-control wpcf7-file\" accept=\"audio\/*,video\/*,image\/*\" aria-invalid=\"false\" type=\"file\" name=\"file-802\" \/><\/span><\/label>\n<\/p>\n<p><input class=\"wpcf7-form-control wpcf7-submit has-spinner\" type=\"submit\" value=\"\u00a1\u00danete al equipo!\" \/>\n<\/p><div class=\"wpcf7-response-output\" aria-hidden=\"true\"><\/div>\n<\/form>\n<\/div>\n<\/div>\n            <\/div>\t\t\t\t<\/div>\n\t\t\t\t<\/div>\n\t\t\t\t\t<\/div>\n\t\t<\/div>\n\t\t\t\t\t<\/div>\n\t\t<\/section>\n\t\t\t\t<\/div>\n\t\t","protected":false},"excerpt":{"rendered":"<p>\u00danete a nuestro equipo\u00a0y forma parte de Roibos\u00a0 En Roibos, estamos buscando cubrir varias posiciones emocionantes en diferentes \u00e1reas. Si te interesa formar parte de una empresa que est\u00e1 revolucionando la distribuci\u00f3n hotelera, \u00a1nos encantar\u00eda conocerte! Technical Account Manager En Roibos, estamos buscando un Technical Account Manager que juegue un papel crucial en la satisfacci\u00f3n [&hellip;]<\/p>\n","protected":false},"author":5,"featured_media":0,"parent":0,"menu_order":0,"comment_status":"closed","ping_status":"closed","template":"","meta":{"inline_featured_image":false,"footnotes":""},"class_list":["post-37726","page","type-page","status-publish","hentry"],"aioseo_notices":[],"_links":{"self":[{"href":"https:\/\/roibos.com\/es\/wp-json\/wp\/v2\/pages\/37726","targetHints":{"allow":["GET"]}}],"collection":[{"href":"https:\/\/roibos.com\/es\/wp-json\/wp\/v2\/pages"}],"about":[{"href":"https:\/\/roibos.com\/es\/wp-json\/wp\/v2\/types\/page"}],"author":[{"embeddable":true,"href":"https:\/\/roibos.com\/es\/wp-json\/wp\/v2\/users\/5"}],"replies":[{"embeddable":true,"href":"https:\/\/roibos.com\/es\/wp-json\/wp\/v2\/comments?post=37726"}],"version-history":[{"count":43,"href":"https:\/\/roibos.com\/es\/wp-json\/wp\/v2\/pages\/37726\/revisions"}],"predecessor-version":[{"id":40768,"href":"https:\/\/roibos.com\/es\/wp-json\/wp\/v2\/pages\/37726\/revisions\/40768"}],"wp:attachment":[{"href":"https:\/\/roibos.com\/es\/wp-json\/wp\/v2\/media?parent=37726"}],"curies":[{"name":"wp","href":"https:\/\/api.w.org\/{rel}","templated":true}]}}