{"id":46165,"date":"2026-02-12T13:47:11","date_gmt":"2026-02-12T13:47:11","guid":{"rendered":"https:\/\/roibos.com\/?page_id=46165"},"modified":"2026-02-12T14:55:37","modified_gmt":"2026-02-12T14:55:37","slug":"next-generation-eu","status":"publish","type":"page","link":"https:\/\/roibos.com\/es\/next-generation-eu\/","title":{"rendered":"Proyecto Hotel Wallet"},"content":{"rendered":"\t\t<div data-elementor-type=\"wp-page\" data-elementor-id=\"46165\" class=\"elementor elementor-46165\" data-elementor-post-type=\"page\">\n\t\t\t\t<div class=\"elementor-element elementor-element-4fcc922 e-grid e-con-boxed e-con e-parent\" data-id=\"4fcc922\" data-element_type=\"container\" data-e-type=\"container\">\n\t\t\t\t\t<div class=\"e-con-inner\">\n\t\t\t\t<div class=\"elementor-element elementor-element-2d82e7a elementor-widget elementor-widget-image\" data-id=\"2d82e7a\" data-element_type=\"widget\" data-e-type=\"widget\" data-widget_type=\"image.default\">\n\t\t\t\t<div class=\"elementor-widget-container\">\n\t\t\t\t\t\t\t\t\t\t\t\t\t\t\t<img decoding=\"async\" width=\"300\" height=\"72\" src=\"https:\/\/roibos.com\/wp-content\/uploads\/2025\/03\/EN_Funded_by_the_European_Union_RGB_NEG-300x72.png\" class=\"attachment-medium size-medium wp-image-41571\" alt=\"EN_Funded_by_the_European_Union_RGB_NEG - Roibos\" srcset=\"https:\/\/roibos.com\/wp-content\/uploads\/2025\/03\/EN_Funded_by_the_European_Union_RGB_NEG-300x72.png 300w, https:\/\/roibos.com\/wp-content\/uploads\/2025\/03\/EN_Funded_by_the_European_Union_RGB_NEG-1024x246.png 1024w, https:\/\/roibos.com\/wp-content\/uploads\/2025\/03\/EN_Funded_by_the_European_Union_RGB_NEG-768x184.png 768w, https:\/\/roibos.com\/wp-content\/uploads\/2025\/03\/EN_Funded_by_the_European_Union_RGB_NEG-1536x368.png 1536w, https:\/\/roibos.com\/wp-content\/uploads\/2025\/03\/EN_Funded_by_the_European_Union_RGB_NEG-2048x491.png 2048w, https:\/\/roibos.com\/wp-content\/uploads\/2025\/03\/EN_Funded_by_the_European_Union_RGB_NEG-1320x317.png 1320w\" sizes=\"(max-width: 300px) 100vw, 300px\" \/>\t\t\t\t\t\t\t\t\t\t\t\t\t\t\t<\/div>\n\t\t\t\t<\/div>\n\t\t\t\t<div class=\"elementor-element elementor-element-2172d2e elementor-widget elementor-widget-image\" data-id=\"2172d2e\" data-element_type=\"widget\" data-e-type=\"widget\" data-widget_type=\"image.default\">\n\t\t\t\t<div class=\"elementor-widget-container\">\n\t\t\t\t\t\t\t\t\t\t\t\t\t\t\t<img decoding=\"async\" width=\"150\" height=\"150\" src=\"https:\/\/roibos.com\/wp-content\/uploads\/2025\/03\/LOGO-NEGATIVO-150x150.png\" class=\"attachment-thumbnail size-thumbnail wp-image-41569\" alt=\"LOGO NEGATIVO - Roibos\" \/>\t\t\t\t\t\t\t\t\t\t\t\t\t\t\t<\/div>\n\t\t\t\t<\/div>\n\t\t\t\t\t<\/div>\n\t\t\t\t<\/div>\n\t\t<div class=\"elementor-element elementor-element-d005556 e-flex e-con-boxed e-con e-parent\" data-id=\"d005556\" data-element_type=\"container\" data-e-type=\"container\">\n\t\t\t\t\t<div class=\"e-con-inner\">\n\t\t\t\t<div class=\"elementor-element elementor-element-dd0bd3a elementor-widget elementor-widget-text-editor\" data-id=\"dd0bd3a\" data-element_type=\"widget\" data-e-type=\"widget\" data-widget_type=\"text-editor.default\">\n\t\t\t\t<div class=\"elementor-widget-container\">\n\t\t\t\t\t\t\t\t\t<h3 data-start=\"219\" data-end=\"298\">Soluci\u00f3n innovadora para la digitalizaci\u00f3n de pagos en el sector hotelero<\/h3>\n<p data-start=\"300\" data-end=\"533\"><br>Roibos Technologies SL ha desarrollado el proyecto <strong data-start=\"351\" data-end=\"367\">Hotel Wallet<\/strong>, una soluci\u00f3n tecnol\u00f3gica innovadora orientada a la digitalizaci\u00f3n integral de los procesos de pago entre agencias y establecimientos hoteleros en las Illes Balears.<\/p>\n<p data-start=\"535\" data-end=\"791\">El proyecto se enmarca en la l\u00ednea de ayudas para financiar proyectos innovadores a trav\u00e9s de la cooperaci\u00f3n, con el objetivo de buscar, implementar y digitalizar soluciones innovadoras y sostenibles en los establecimientos tur\u00edsticos de las Illes Balears.<br><br><\/p>\n<hr data-start=\"793\" data-end=\"796\">\n<h2 data-start=\"798\" data-end=\"825\"><br>Objetivos del proyecto<br><br><\/h2>\n<p data-start=\"827\" data-end=\"920\">El principal objetivo de <strong data-start=\"852\" data-end=\"868\">Hotel Wallet<\/strong> es ofrecer una herramienta tecnol\u00f3gica que permita:<\/p>\n<ul data-start=\"922\" data-end=\"1281\">\n<li data-start=\"922\" data-end=\"1003\">\n<p data-start=\"924\" data-end=\"1003\">Automatizar los procesos de autorizaci\u00f3n y cobro de tarjetas virtuales (VCC).<\/p>\n<\/li>\n<li data-start=\"1004\" data-end=\"1077\">\n<p data-start=\"1006\" data-end=\"1077\">Mejorar la trazabilidad y seguridad de las transacciones financieras.<\/p>\n<\/li>\n<li data-start=\"1078\" data-end=\"1151\">\n<p data-start=\"1080\" data-end=\"1151\">Optimizar la conciliaci\u00f3n bancaria de los establecimientos hoteleros.<\/p>\n<\/li>\n<li data-start=\"1152\" data-end=\"1212\">\n<p data-start=\"1154\" data-end=\"1212\">Reducir la carga administrativa y los procesos manuales.<\/p>\n<\/li>\n<li data-start=\"1213\" data-end=\"1281\">\n<p data-start=\"1215\" data-end=\"1281\">Incrementar la eficiencia operativa del sector tur\u00edstico balear.<\/p>\n<\/li>\n<\/ul>\n<p data-start=\"1283\" data-end=\"1487\">La soluci\u00f3n ha sido dise\u00f1ada con una arquitectura basada en microservicios, integraciones con pasarelas de pago y sistemas bancarios, y cumplimiento de est\u00e1ndares de seguridad como <strong data-start=\"1464\" data-end=\"1475\">PCI DSS<\/strong> y <strong data-start=\"1478\" data-end=\"1486\">RGPD<\/strong>.<br><br><\/p>\n<hr data-start=\"1489\" data-end=\"1492\">\n<h2 data-start=\"1494\" data-end=\"1519\"><br>Resultados obtenidos<\/h2>\n<p data-start=\"1521\" data-end=\"1546\"><br>El proyecto ha permitido:<\/p>\n<ul data-start=\"1548\" data-end=\"1908\">\n<li data-start=\"1548\" data-end=\"1653\">\n<p data-start=\"1550\" data-end=\"1653\">Reducir en m\u00e1s de un 60 % el tiempo dedicado a procesos de conciliaci\u00f3n financiera en hoteles piloto.<\/p>\n<\/li>\n<li data-start=\"1654\" data-end=\"1765\">\n<p data-start=\"1656\" data-end=\"1765\">Digitalizar completamente los flujos de cobro asociados a reservas gestionadas mediante tarjetas virtuales.<\/p>\n<\/li>\n<li data-start=\"1766\" data-end=\"1835\">\n<p data-start=\"1768\" data-end=\"1835\">Mejorar la seguridad y el control de las operaciones financieras.<\/p>\n<\/li>\n<li data-start=\"1836\" data-end=\"1908\">\n<p data-start=\"1838\" data-end=\"1908\">Fortalecer el ecosistema tecnol\u00f3gico tur\u00edstico de las Illes Balears.<\/p>\n<\/li>\n<\/ul>\n<p data-start=\"1910\" data-end=\"2010\"><strong data-start=\"1910\" data-end=\"1926\">Hotel Wallet<\/strong> se encuentra actualmente preparado para su expansi\u00f3n y escalabilidad internacional.<br><br><\/p>\n<hr data-start=\"2012\" data-end=\"2015\">\n<h2 data-start=\"2017\" data-end=\"2034\"><br>Financiaci\u00f3n<\/h2>\n<p data-start=\"2036\" data-end=\"2323\"><br>Este proyecto ha sido financiado en el marco del <strong data-start=\"2085\" data-end=\"2146\">Plan de Recuperaci\u00f3n, Transformaci\u00f3n y Resiliencia (PRTR)<\/strong>, financiado por la Uni\u00f3n Europea \u2013 <strong data-start=\"2182\" data-end=\"2204\">Next Generation EU<\/strong>, a trav\u00e9s de la convocatoria de ayudas para proyectos innovadores en establecimientos tur\u00edsticos de las Illes Balears.<\/p>\t\t\t\t\t\t\t\t<\/div>\n\t\t\t\t<\/div>\n\t\t\t\t\t<\/div>\n\t\t\t\t<\/div>\n\t\t\t\t<\/div>\n\t\t","protected":false},"excerpt":{"rendered":"<p>Soluci\u00f3n innovadora para la digitalizaci\u00f3n de pagos en el sector hotelero Roibos Technologies SL ha desarrollado el proyecto Hotel Wallet, una soluci\u00f3n tecnol\u00f3gica innovadora orientada a la digitalizaci\u00f3n integral de los procesos de pago entre agencias y establecimientos hoteleros en las Illes Balears. El proyecto se enmarca en la l\u00ednea de ayudas para financiar proyectos [&hellip;]<\/p>\n","protected":false},"author":5,"featured_media":0,"parent":0,"menu_order":0,"comment_status":"closed","ping_status":"closed","template":"","meta":{"inline_featured_image":false,"footnotes":""},"class_list":["post-46165","page","type-page","status-publish","hentry"],"aioseo_notices":[],"_links":{"self":[{"href":"https:\/\/roibos.com\/es\/wp-json\/wp\/v2\/pages\/46165","targetHints":{"allow":["GET"]}}],"collection":[{"href":"https:\/\/roibos.com\/es\/wp-json\/wp\/v2\/pages"}],"about":[{"href":"https:\/\/roibos.com\/es\/wp-json\/wp\/v2\/types\/page"}],"author":[{"embeddable":true,"href":"https:\/\/roibos.com\/es\/wp-json\/wp\/v2\/users\/5"}],"replies":[{"embeddable":true,"href":"https:\/\/roibos.com\/es\/wp-json\/wp\/v2\/comments?post=46165"}],"version-history":[{"count":14,"href":"https:\/\/roibos.com\/es\/wp-json\/wp\/v2\/pages\/46165\/revisions"}],"predecessor-version":[{"id":46181,"href":"https:\/\/roibos.com\/es\/wp-json\/wp\/v2\/pages\/46165\/revisions\/46181"}],"wp:attachment":[{"href":"https:\/\/roibos.com\/es\/wp-json\/wp\/v2\/media?parent=46165"}],"curies":[{"name":"wp","href":"https:\/\/api.w.org\/{rel}","templated":true}]}}